{"id":6236,"date":"2023-07-10T12:37:22","date_gmt":"2023-07-10T12:37:22","guid":{"rendered":"https:\/\/www.familydrink.ch\/?page_id=6236"},"modified":"2023-08-16T16:38:41","modified_gmt":"2023-08-16T16:38:41","slug":"direktsaefte","status":"publish","type":"page","link":"https:\/\/www.familydrink.ch\/fr\/produits\/direktsaefte\/","title":{"rendered":"Jus de fruits press\u00e9s"},"content":{"rendered":"\n<h1 class=\"wp-block-heading\"><strong>Jus de fruits press\u00e9s<\/strong><\/h1>\n\n\n\n<p>Le jus press\u00e9 directement n&rsquo;est pas produit \u00e0 partir d&rsquo;un concentr\u00e9, mais comme le mot l&rsquo;indique : directement \u00e0 partir du fruit.&nbsp;<\/p>\n\n\n\n<p>Imm\u00e9diatement apr\u00e8s la r\u00e9colte, les fruits m\u00fbris au soleil sont soigneusement press\u00e9s et pasteuris\u00e9s sur place. Le 100% jus est livr\u00e9 dans nos usines dans des cuves r\u00e9frig\u00e9r\u00e9es et mis en bouteille d\u00e8s son arriv\u00e9e dans les emballages s\u00e9lectionn\u00e9s. Gr\u00e2ce au pressage en douceur, les substances am\u00e8res d\u00e9sagr\u00e9ables sont \u00e9vit\u00e9es et seuls le jus sucr\u00e9 et la pulpe sont mis en bouteille.<\/p>\n\n\n\n<p>Le jus press\u00e9 directement Naturella r\u00e9pond aux exigences les plus \u00e9lev\u00e9es et sa qualit\u00e9 est exceptionnelle en termes de rapport qualit\u00e9-prix.<\/p>\n\n\n\n<div style=\"height:100px\" aria-hidden=\"true\" class=\"wp-block-spacer\"><\/div>\n\n\n\n<div class=\"wp-block-media-text alignwide cdt-product cdt-is-produkt-direkt-orangen\"><figure class=\"wp-block-media-text__media\"><img loading=\"lazy\" decoding=\"async\" width=\"683\" height=\"1024\" src=\"https:\/\/www.familydrink.ch\/wp-content\/uploads\/sites\/5\/2023\/07\/naturella-orangensaft-1000cl-683x1024.jpg\" alt=\"naturella Orangensaft 1000cl\" class=\"wp-image-6291 size-full\" srcset=\"https:\/\/www.familydrink.ch\/fr\/wp-content\/uploads\/sites\/5\/2023\/07\/naturella-orangensaft-1000cl-683x1024.jpg 683w, https:\/\/www.familydrink.ch\/fr\/wp-content\/uploads\/sites\/5\/2023\/07\/naturella-orangensaft-1000cl-200x300.jpg 200w, https:\/\/www.familydrink.ch\/fr\/wp-content\/uploads\/sites\/5\/2023\/07\/naturella-orangensaft-1000cl-768x1152.jpg 768w, https:\/\/www.familydrink.ch\/fr\/wp-content\/uploads\/sites\/5\/2023\/07\/naturella-orangensaft-1000cl.jpg 800w\" sizes=\"(max-width: 683px) 100vw, 683px\" \/><\/figure><div class=\"wp-block-media-text__content\">\n<h2 class=\"wp-block-heading\">Naturella jus direct d&rsquo;orange<\/h2>\n\n\n\n<p><strong>100% de jus directement press\u00e9 \u00e0 partir d&rsquo;oranges fra\u00eeches m\u00fbries au soleil<\/strong><\/p>\n\n\n\n<p><br>Marque : Naturella<br>Appellation : Jus d&rsquo;orange directement press\u00e9<br>100% de jus d&rsquo;orange directement press\u00e9 pasteuris\u00e9, avec pulpe<\/p>\n\n\n\n<p><br><strong><strong>Distinction<\/strong><\/strong><br>&#8211; 100% de jus directement press\u00e9. (Pas \u00e0 base de concentr\u00e9)<br>&#8211; Avec pulpe de fruit<\/p>\n\n\n\n<p><br><strong><strong>Emballage<\/strong><\/strong><br>&#8211; 8 x 100cl Combi Dome<\/p>\n\n\n\n<p><a rel=\"noreferrer noopener\" href=\"https:\/\/www.familydrink.ch\/wp-content\/uploads\/2019\/03\/Spezifikation-Naturella-Orangensaft.pdf\" target=\"_blank\">Tableau des valeurs nutritives<\/a><\/p>\n<\/div><\/div>\n\n\n\n<div style=\"height:100px\" aria-hidden=\"true\" class=\"wp-block-spacer\"><\/div>\n\n\n\n<div class=\"wp-block-media-text alignwide cdt-product cdt-is-produkt-direkt-orangen\"><figure class=\"wp-block-media-text__media\"><img loading=\"lazy\" decoding=\"async\" width=\"684\" height=\"1024\" src=\"https:\/\/www.familydrink.ch\/wp-content\/uploads\/sites\/5\/2021\/08\/Naturella_Ananassaft_100cl_3auf2-684x1024.jpg\" alt=\"Naturella Ananassaft 100cl\" class=\"wp-image-4139 size-full\" srcset=\"https:\/\/www.familydrink.ch\/fr\/wp-content\/uploads\/sites\/5\/2021\/08\/Naturella_Ananassaft_100cl_3auf2-684x1024.jpg 684w, https:\/\/www.familydrink.ch\/fr\/wp-content\/uploads\/sites\/5\/2021\/08\/Naturella_Ananassaft_100cl_3auf2-200x300.jpg 200w, https:\/\/www.familydrink.ch\/fr\/wp-content\/uploads\/sites\/5\/2021\/08\/Naturella_Ananassaft_100cl_3auf2-768x1151.jpg 768w, https:\/\/www.familydrink.ch\/fr\/wp-content\/uploads\/sites\/5\/2021\/08\/Naturella_Ananassaft_100cl_3auf2.jpg 801w\" sizes=\"(max-width: 684px) 100vw, 684px\" \/><\/figure><div class=\"wp-block-media-text__content\">\n<h2 class=\"wp-block-heading\">Naturella Jus direct d&rsquo;ananas<\/h2>\n\n\n\n<p><strong>100% de jus d&rsquo;ananas press\u00e9 directement<\/strong><\/p>\n\n\n\n<p>Marque : Naturella<br>Appellation : jus d&rsquo;ananas directement press\u00e9<br>100% jus d&rsquo;ananas directement press\u00e9<br>pasteuris\u00e9, avec pulpe<\/p>\n\n\n\n<p><br><strong>Distinction<\/strong><br>&#8211; 100% de jus directement press\u00e9. (Pas \u00e0 base de concentr\u00e9)<br>&#8211; avec pulpe<\/p>\n\n\n\n<p><br><\/p>\n\n\n\n<p><strong><strong>Emballage<\/strong><\/strong><br>&#8211; 8 x 100cl Combi Dome<\/p>\n\n\n\n<p><a rel=\"noreferrer noopener\" href=\"https:\/\/www.familydrink.ch\/wp-content\/uploads\/2019\/03\/Spezifikation-Naturella-Ananassaft.pdf\" target=\"_blank\">Tableau des valeurs nutritives<\/a><\/p>\n<\/div><\/div>\n","protected":false},"excerpt":{"rendered":"<p>Jus de fruits press\u00e9s Le jus press\u00e9 directement n&rsquo;est pas produit \u00e0 partir d&rsquo;un concentr\u00e9, mais comme le mot l&rsquo;indique : directement \u00e0 partir du fruit.&nbsp; Imm\u00e9diatement apr\u00e8s la r\u00e9colte, les fruits m\u00fbris au soleil sont soigneusement press\u00e9s et pasteuris\u00e9s sur place. Le 100% jus est livr\u00e9 dans nos usines dans des cuves r\u00e9frig\u00e9r\u00e9es et [&hellip;]<\/p>\n","protected":false},"author":1,"featured_media":0,"parent":16,"menu_order":0,"comment_status":"closed","ping_status":"closed","template":"","meta":{"_themeisle_gutenberg_block_has_review":false,"footnotes":"","_links_to":"","_links_to_target":""},"class_list":["post-6236","page","type-page","status-publish","hentry"],"_links":{"self":[{"href":"https:\/\/www.familydrink.ch\/fr\/wp-json\/wp\/v2\/pages\/6236"}],"collection":[{"href":"https:\/\/www.familydrink.ch\/fr\/wp-json\/wp\/v2\/pages"}],"about":[{"href":"https:\/\/www.familydrink.ch\/fr\/wp-json\/wp\/v2\/types\/page"}],"author":[{"embeddable":true,"href":"https:\/\/www.familydrink.ch\/fr\/wp-json\/wp\/v2\/users\/1"}],"replies":[{"embeddable":true,"href":"https:\/\/www.familydrink.ch\/fr\/wp-json\/wp\/v2\/comments?post=6236"}],"version-history":[{"count":28,"href":"https:\/\/www.familydrink.ch\/fr\/wp-json\/wp\/v2\/pages\/6236\/revisions"}],"predecessor-version":[{"id":6579,"href":"https:\/\/www.familydrink.ch\/fr\/wp-json\/wp\/v2\/pages\/6236\/revisions\/6579"}],"up":[{"embeddable":true,"href":"https:\/\/www.familydrink.ch\/fr\/wp-json\/wp\/v2\/pages\/16"}],"wp:attachment":[{"href":"https:\/\/www.familydrink.ch\/fr\/wp-json\/wp\/v2\/media?parent=6236"}],"curies":[{"name":"wp","href":"https:\/\/api.w.org\/{rel}","templated":true}]}}