{"id":6150,"date":"2023-06-13T07:52:31","date_gmt":"2023-06-13T07:52:31","guid":{"rendered":"https:\/\/www.familydrink.ch\/?page_id=6150"},"modified":"2023-08-09T07:05:11","modified_gmt":"2023-08-09T07:05:11","slug":"partner","status":"publish","type":"page","link":"https:\/\/www.familydrink.ch\/fr\/partner\/","title":{"rendered":"Partenaires"},"content":{"rendered":"\n<h1 class=\"wp-block-heading\"><strong>Partenaires<\/strong><\/h1>\n\n\n\n<p>Un grand merci \u00e0 nos partenaires fiables. Ils permettent \u00e0 notre petite entreprise familiale de se pr\u00e9senter sur le march\u00e9 de mani\u00e8re comp\u00e9tente et moderne, et ce, \u00e0 des prix attractifs.<\/p>\n\n\n\n<div style=\"height:40px\" aria-hidden=\"true\" class=\"wp-block-spacer\"><\/div>\n\n\n\n<div class=\"wp-block-columns has-3-columns is-layout-flex wp-container-core-columns-is-layout-1 wp-block-columns-is-layout-flex\">\n<div class=\"wp-block-column is-layout-flow wp-block-column-is-layout-flow\">\n<figure class=\"wp-block-image size-full\"><a href=\"https:\/\/www.sinora.ch\/fr\" target=\"_blank\" rel=\"noreferrer noopener\"><img loading=\"lazy\" decoding=\"async\" width=\"308\" height=\"53\" src=\"https:\/\/www.familydrink.ch\/wp-content\/uploads\/sites\/5\/2023\/06\/sinora-logo.jpg\" alt=\"Sinora Logo\" class=\"wp-image-6174\" srcset=\"https:\/\/www.familydrink.ch\/fr\/wp-content\/uploads\/sites\/5\/2023\/06\/sinora-logo.jpg 308w, https:\/\/www.familydrink.ch\/fr\/wp-content\/uploads\/sites\/5\/2023\/06\/sinora-logo-300x52.jpg 300w\" sizes=\"(max-width: 308px) 100vw, 308px\" \/><\/a><\/figure>\n<\/div>\n\n\n\n<div class=\"wp-block-column is-layout-flow wp-block-column-is-layout-flow\">\n<figure class=\"wp-block-image size-full\"><a href=\"https:\/\/www.ist.swiss\/\" target=\"_blank\" rel=\"noreferrer noopener\"><img decoding=\"async\" src=\"https:\/\/www.familydrink.ch\/wp-content\/uploads\/sites\/5\/2023\/06\/IST-Logo.svg\" alt=\"IST Logo\" class=\"wp-image-6175\"\/><\/a><\/figure>\n<\/div>\n\n\n\n<div class=\"wp-block-column is-layout-flow wp-block-column-is-layout-flow\">\n<figure class=\"wp-block-image size-full\"><a href=\"https:\/\/www.local.ch\/fr\/d\/zofingue\/4800\/bureau-de-comptabilite\/plus-buchhaltungen-x8_Raz9GJQcHYiS8Tr4FEA\" target=\"_blank\" rel=\"noreferrer noopener\"><img loading=\"lazy\" decoding=\"async\" width=\"685\" height=\"88\" src=\"https:\/\/www.familydrink.ch\/wp-content\/uploads\/sites\/5\/2023\/06\/Plus-Buchhaltungen-Logo.png\" alt=\"Plus Buchhaltungen Logo\" class=\"wp-image-6176\" srcset=\"https:\/\/www.familydrink.ch\/fr\/wp-content\/uploads\/sites\/5\/2023\/06\/Plus-Buchhaltungen-Logo.png 685w, https:\/\/www.familydrink.ch\/fr\/wp-content\/uploads\/sites\/5\/2023\/06\/Plus-Buchhaltungen-Logo-300x39.png 300w\" sizes=\"(max-width: 685px) 100vw, 685px\" \/><\/a><\/figure>\n<\/div>\n<\/div>\n\n\n\n<div style=\"height:20px\" aria-hidden=\"true\" class=\"wp-block-spacer\"><\/div>\n\n\n\n<div class=\"wp-block-columns has-3-columns is-layout-flex wp-container-core-columns-is-layout-2 wp-block-columns-is-layout-flex\">\n<div class=\"wp-block-column is-layout-flow wp-block-column-is-layout-flow\">\n<figure class=\"wp-block-image size-full\"><a href=\"https:\/\/www.onofri.ch\/\" target=\"_blank\" rel=\"noreferrer noopener\"><img loading=\"lazy\" decoding=\"async\" width=\"250\" height=\"47\" src=\"https:\/\/www.familydrink.ch\/wp-content\/uploads\/sites\/5\/2023\/06\/logo_onofri_web.png\" alt=\"Logo Onofri\" class=\"wp-image-6220\"\/><\/a><\/figure>\n<\/div>\n\n\n\n<div class=\"wp-block-column is-layout-flow wp-block-column-is-layout-flow\">\n<figure class=\"wp-block-image size-full\"><a href=\"https:\/\/www.backnine.ch\/\" target=\"_blank\" rel=\"noreferrer noopener\"><img decoding=\"async\" src=\"https:\/\/www.familydrink.ch\/wp-content\/uploads\/sites\/5\/2023\/06\/Logo-BackNine.svg\" alt=\"Logo BackNine\" class=\"wp-image-6223\"\/><\/a><\/figure>\n<\/div>\n\n\n\n<div class=\"wp-block-column is-layout-flow wp-block-column-is-layout-flow\"><\/div>\n<\/div>\n","protected":false},"excerpt":{"rendered":"<p>Partenaires Un grand merci \u00e0 nos partenaires fiables. Ils permettent \u00e0 notre petite entreprise familiale de se pr\u00e9senter sur le march\u00e9 de mani\u00e8re comp\u00e9tente et moderne, et ce, \u00e0 des prix attractifs.<\/p>\n","protected":false},"author":1,"featured_media":0,"parent":0,"menu_order":0,"comment_status":"closed","ping_status":"closed","template":"","meta":{"_themeisle_gutenberg_block_has_review":false,"footnotes":"","_links_to":"","_links_to_target":""},"class_list":["post-6150","page","type-page","status-publish","hentry"],"_links":{"self":[{"href":"https:\/\/www.familydrink.ch\/fr\/wp-json\/wp\/v2\/pages\/6150"}],"collection":[{"href":"https:\/\/www.familydrink.ch\/fr\/wp-json\/wp\/v2\/pages"}],"about":[{"href":"https:\/\/www.familydrink.ch\/fr\/wp-json\/wp\/v2\/types\/page"}],"author":[{"embeddable":true,"href":"https:\/\/www.familydrink.ch\/fr\/wp-json\/wp\/v2\/users\/1"}],"replies":[{"embeddable":true,"href":"https:\/\/www.familydrink.ch\/fr\/wp-json\/wp\/v2\/comments?post=6150"}],"version-history":[{"count":16,"href":"https:\/\/www.familydrink.ch\/fr\/wp-json\/wp\/v2\/pages\/6150\/revisions"}],"predecessor-version":[{"id":6572,"href":"https:\/\/www.familydrink.ch\/fr\/wp-json\/wp\/v2\/pages\/6150\/revisions\/6572"}],"wp:attachment":[{"href":"https:\/\/www.familydrink.ch\/fr\/wp-json\/wp\/v2\/media?parent=6150"}],"curies":[{"name":"wp","href":"https:\/\/api.w.org\/{rel}","templated":true}]}}