{"id":6004,"date":"2023-05-26T08:38:01","date_gmt":"2023-05-26T08:38:01","guid":{"rendered":"https:\/\/www.familydrink.ch\/?page_id=6004"},"modified":"2024-03-07T18:59:27","modified_gmt":"2024-03-07T18:59:27","slug":"fruchtsaft-getraenke","status":"publish","type":"page","link":"https:\/\/www.familydrink.ch\/fr\/produits\/fruchtsaft-getraenke\/","title":{"rendered":"Boissons au jus de fruits"},"content":{"rendered":"\n<h1 class=\"wp-block-heading\"><strong>Boissons au jus de fruits<\/strong><\/h1>\n\n\n\n<p>Les boissons au jus de fruits Wesergold convainquent par leur rapport qualit\u00e9&nbsp;\/ prix imbattables<\/p>\n\n\n\n<div style=\"height:100px\" aria-hidden=\"true\" class=\"wp-block-spacer\"><\/div>\n\n\n\n<div class=\"wp-block-media-text alignwide cdt-product cdt-is-produkt-cranberry\"><figure class=\"wp-block-media-text__media\"><img loading=\"lazy\" decoding=\"async\" width=\"684\" height=\"1024\" src=\"https:\/\/www.familydrink.ch\/wp-content\/uploads\/sites\/5\/2021\/08\/Weser_Gold_Cranberry_100cl_3auf2-684x1024.jpg\" alt=\"Weser Gold Cranberry 100cl \" class=\"wp-image-4130 size-full\" srcset=\"https:\/\/www.familydrink.ch\/fr\/wp-content\/uploads\/sites\/5\/2021\/08\/Weser_Gold_Cranberry_100cl_3auf2-684x1024.jpg 684w, https:\/\/www.familydrink.ch\/fr\/wp-content\/uploads\/sites\/5\/2021\/08\/Weser_Gold_Cranberry_100cl_3auf2-200x300.jpg 200w, https:\/\/www.familydrink.ch\/fr\/wp-content\/uploads\/sites\/5\/2021\/08\/Weser_Gold_Cranberry_100cl_3auf2-768x1151.jpg 768w, https:\/\/www.familydrink.ch\/fr\/wp-content\/uploads\/sites\/5\/2021\/08\/Weser_Gold_Cranberry_100cl_3auf2.jpg 801w\" sizes=\"(max-width: 684px) 100vw, 684px\" \/><\/figure><div class=\"wp-block-media-text__content\">\n<h2 class=\"wp-block-heading\">WeserGold Cranberry Drink<\/h2>\n\n\n\n<p><strong><strong>Merveilleuse boisson au cranberry<\/strong><\/strong><\/p>\n\n\n\n<p>Marque : Wesergold<br>Appellation : Cranberry Drink<br>Au moins 13% de jus \u00e0 base de concentr\u00e9, sans pulpe<\/p>\n\n\n\n<p><br><strong><strong>Distinction<\/strong><\/strong><br>&#8211; Au moins 13% de jus de cranberry<br>&#8211; Pour \u00e9laborer des mocktails\/cocktails ou pour cr\u00e9er des desserts fruit\u00e9s<\/p>\n\n\n\n<p><br><strong><strong>Emballage<\/strong><\/strong><br>&#8211; 8 x 100cl ELO<\/p>\n\n\n\n<p><a rel=\"noreferrer noopener\" href=\"https:\/\/www.familydrink.ch\/wp-content\/uploads\/2019\/03\/Spezifikation-Wesergold-Cranberry-Drink.pdf\" target=\"_blank\">Tableau des valeurs nutritives<\/a><\/p>\n<\/div><\/div>\n\n\n\n<div style=\"height:100px\" aria-hidden=\"true\" class=\"wp-block-spacer\"><\/div>\n\n\n\n<div class=\"wp-block-media-text alignwide cdt-product cdt-is-produkt-wesergold\"><figure class=\"wp-block-media-text__media\"><img loading=\"lazy\" decoding=\"async\" width=\"683\" height=\"1024\" src=\"https:\/\/www.familydrink.ch\/wp-content\/uploads\/sites\/5\/2023\/07\/weser-gold-apfel_1000cl-683x1024.jpg\" alt=\"Weser Gold Apfel 1000cl\" class=\"wp-image-6294 size-full\" srcset=\"https:\/\/www.familydrink.ch\/fr\/wp-content\/uploads\/sites\/5\/2023\/07\/weser-gold-apfel_1000cl-683x1024.jpg 683w, https:\/\/www.familydrink.ch\/fr\/wp-content\/uploads\/sites\/5\/2023\/07\/weser-gold-apfel_1000cl-200x300.jpg 200w, https:\/\/www.familydrink.ch\/fr\/wp-content\/uploads\/sites\/5\/2023\/07\/weser-gold-apfel_1000cl-768x1152.jpg 768w, https:\/\/www.familydrink.ch\/fr\/wp-content\/uploads\/sites\/5\/2023\/07\/weser-gold-apfel_1000cl.jpg 800w\" sizes=\"(max-width: 683px) 100vw, 683px\" \/><\/figure><div class=\"wp-block-media-text__content\">\n<h2 class=\"wp-block-heading\">WeserGold boisson aux pommes<\/h2>\n\n\n\n<p><strong>La plus fine des boissons \u00e0 base de pommes fra\u00eechement r\u00e9colt\u00e9es<\/strong><\/p>\n\n\n\n<p><br>Marque : Wesergold<br>Appellation : Boisson aux pommes<br>Au moins 30% de jus de pomme \u00e0 base de concentr\u00e9, pasteuris\u00e9, clarifi\u00e9, sans pulpe<\/p>\n\n\n\n<p><br><strong><strong>Distinction<\/strong><\/strong><br>&#8211; Au moins 30% de jus de pomme<br>&#8211; Schorle \u00e0 la pomme sans gaz carbonique<\/p>\n\n\n\n<p><br><strong><strong>Emballage<\/strong><\/strong><br>&#8211; 8 x 100cl ELO<\/p>\n\n\n\n<p><a rel=\"noreferrer noopener\" href=\"https:\/\/www.familydrink.ch\/wp-content\/uploads\/2019\/03\/Spezifikation-Wesergold-Apfeldrink.pdf\" target=\"_blank\">Tableau des valeurs nutritives<\/a><\/p>\n<\/div><\/div>\n\n\n\n<div style=\"height:100px\" aria-hidden=\"true\" class=\"wp-block-spacer\"><\/div>\n\n\n\n<div class=\"wp-block-media-text alignwide cdt-product cdt-is-produkt-wesergold\"><figure class=\"wp-block-media-text__media\"><img loading=\"lazy\" decoding=\"async\" width=\"684\" height=\"1024\" src=\"https:\/\/www.familydrink.ch\/wp-content\/uploads\/2021\/08\/Weser_Gold_Ananassaft_100cl_3auf2-684x1024.jpg\" alt=\"Weser Gold Ananassaft 100cl\" class=\"wp-image-4128 size-full\" srcset=\"https:\/\/www.familydrink.ch\/fr\/wp-content\/uploads\/sites\/5\/2021\/08\/Weser_Gold_Ananassaft_100cl_3auf2-684x1024.jpg 684w, https:\/\/www.familydrink.ch\/fr\/wp-content\/uploads\/sites\/5\/2021\/08\/Weser_Gold_Ananassaft_100cl_3auf2-200x300.jpg 200w, https:\/\/www.familydrink.ch\/fr\/wp-content\/uploads\/sites\/5\/2021\/08\/Weser_Gold_Ananassaft_100cl_3auf2-768x1151.jpg 768w, https:\/\/www.familydrink.ch\/fr\/wp-content\/uploads\/sites\/5\/2021\/08\/Weser_Gold_Ananassaft_100cl_3auf2.jpg 801w\" sizes=\"(max-width: 684px) 100vw, 684px\" \/><\/figure><div class=\"wp-block-media-text__content\">\n<h2 class=\"wp-block-heading\">WeserGold <strong>Jus d&rsquo;ananas<\/strong><\/h2>\n\n\n\n<p><strong>Merveilleux jus d&rsquo;ananas naturel<\/strong><\/p>\n\n\n\n<p>Marque : Wesergold<br>Appellation : Jus d&rsquo;ananas<br>100% de jus \u00e0 base de concentr\u00e9<\/p>\n\n\n\n<p><br><strong><strong>Distinction<\/strong><\/strong><br>&#8211; 100% de jus d&rsquo;ananas sans pulpe<br>&#8211; Id\u00e9al pour mixer, cr\u00e9er des desserts ou \u00e0 d\u00e9guster nature<\/p>\n\n\n\n<p><br><strong><strong><strong>Emballage<\/strong><\/strong><\/strong><br>&#8211; 8 x 100cl ELO<\/p>\n\n\n\n<p><a href=\"https:\/\/www.familydrink.ch\/wp-content\/uploads\/2019\/03\/Spezifikation-Wesergold-Ananassaft.pdf\" target=\"_blank\" rel=\"noreferrer noopener\">Tableau des valeurs nutritives<\/a><\/p>\n\n\n\n<p><\/p>\n<\/div><\/div>\n","protected":false},"excerpt":{"rendered":"<p>Boissons au jus de fruits Les boissons au jus de fruits Wesergold convainquent par leur rapport qualit\u00e9&nbsp;\/ prix imbattables WeserGold Cranberry Drink Merveilleuse boisson au cranberry Marque : WesergoldAppellation : Cranberry DrinkAu moins 13% de jus \u00e0 base de concentr\u00e9, sans pulpe Distinction&#8211; Au moins 13% de jus de cranberry&#8211; Pour \u00e9laborer des mocktails\/cocktails ou [&hellip;]<\/p>\n","protected":false},"author":1,"featured_media":0,"parent":16,"menu_order":0,"comment_status":"closed","ping_status":"closed","template":"","meta":{"_themeisle_gutenberg_block_has_review":false,"footnotes":"","_links_to":"","_links_to_target":""},"class_list":["post-6004","page","type-page","status-publish","hentry"],"_links":{"self":[{"href":"https:\/\/www.familydrink.ch\/fr\/wp-json\/wp\/v2\/pages\/6004"}],"collection":[{"href":"https:\/\/www.familydrink.ch\/fr\/wp-json\/wp\/v2\/pages"}],"about":[{"href":"https:\/\/www.familydrink.ch\/fr\/wp-json\/wp\/v2\/types\/page"}],"author":[{"embeddable":true,"href":"https:\/\/www.familydrink.ch\/fr\/wp-json\/wp\/v2\/users\/1"}],"replies":[{"embeddable":true,"href":"https:\/\/www.familydrink.ch\/fr\/wp-json\/wp\/v2\/comments?post=6004"}],"version-history":[{"count":27,"href":"https:\/\/www.familydrink.ch\/fr\/wp-json\/wp\/v2\/pages\/6004\/revisions"}],"predecessor-version":[{"id":6617,"href":"https:\/\/www.familydrink.ch\/fr\/wp-json\/wp\/v2\/pages\/6004\/revisions\/6617"}],"up":[{"embeddable":true,"href":"https:\/\/www.familydrink.ch\/fr\/wp-json\/wp\/v2\/pages\/16"}],"wp:attachment":[{"href":"https:\/\/www.familydrink.ch\/fr\/wp-json\/wp\/v2\/media?parent=6004"}],"curies":[{"name":"wp","href":"https:\/\/api.w.org\/{rel}","templated":true}]}}