{"id":5974,"date":"2023-05-26T07:39:40","date_gmt":"2023-05-26T07:39:40","guid":{"rendered":"https:\/\/www.familydrink.ch\/?page_id=5974"},"modified":"2023-08-16T16:30:06","modified_gmt":"2023-08-16T16:30:06","slug":"jus-de-fruits-nectars","status":"publish","type":"page","link":"https:\/\/www.familydrink.ch\/fr\/produits\/jus-de-fruits-nectars\/","title":{"rendered":"Jus de fruits\/Nectars"},"content":{"rendered":"\n<h1 class=\"wp-block-heading\"><strong>Jus de fruits \/ Nectars<\/strong><\/h1>\n\n\n\n<p>Seuls les meilleurs fruits sont utilis\u00e9s pour la production de jus. Gr\u00e2ce \u00e0 un traitement en douceur, les jus Family Drink conservent leur go\u00fbt frais et fruit\u00e9 et ne contiennent pas de substances am\u00e8res.<\/p>\n\n\n\n<p>Que ce soit pour la pr\u00e9paration de cocktail, pour l&rsquo;ap\u00e9ritif, pour consommer entre les repas ou au petit-d\u00e9jeuner, avec les jus de fruits Family Drink, vous \u00eates s\u00fbr de faire le bon choix. Ce sont des boissons saines et d\u00e9salt\u00e9rantes r\u00e9serv\u00e9s aux connaisseurs.<\/p>\n\n\n\n<div style=\"height:100px\" aria-hidden=\"true\" class=\"wp-block-spacer\"><\/div>\n\n\n\n<div class=\"wp-block-media-text alignwide cdt-product cdt-is-produkt-direkt-orangen\"><figure class=\"wp-block-media-text__media\"><img loading=\"lazy\" decoding=\"async\" width=\"683\" height=\"1024\" src=\"https:\/\/www.familydrink.ch\/wp-content\/uploads\/sites\/5\/2023\/07\/family-drink-orangensaft-1000cl-683x1024.jpg\" alt=\"Family Drink Orangensaft 1000cl\" class=\"wp-image-6300 size-full\" srcset=\"https:\/\/www.familydrink.ch\/fr\/wp-content\/uploads\/sites\/5\/2023\/07\/family-drink-orangensaft-1000cl-683x1024.jpg 683w, https:\/\/www.familydrink.ch\/fr\/wp-content\/uploads\/sites\/5\/2023\/07\/family-drink-orangensaft-1000cl-200x300.jpg 200w, https:\/\/www.familydrink.ch\/fr\/wp-content\/uploads\/sites\/5\/2023\/07\/family-drink-orangensaft-1000cl-768x1152.jpg 768w, https:\/\/www.familydrink.ch\/fr\/wp-content\/uploads\/sites\/5\/2023\/07\/family-drink-orangensaft-1000cl.jpg 800w\" sizes=\"(max-width: 683px) 100vw, 683px\" \/><\/figure><div class=\"wp-block-media-text__content\">\n<h2 class=\"wp-block-heading\">Jus d&rsquo;orange Family Drink<\/h2>\n\n\n\n<p><strong><strong>100% jus d&rsquo;orange \u00e0 partir d&rsquo;oranges m\u00fbries au soleil<\/strong><\/strong><\/p>\n\n\n\n<p>Marque : Family Drink<br>Appellation : Jus d&rsquo;orange<br>100% de jus d&rsquo;orange \u00e0 base de concentr\u00e9<br>Sans pulpe de fruit<\/p>\n\n\n\n<p><br><strong><strong>Distinction<\/strong><\/strong><br>&#8211; 100% de jus d&rsquo;orange<br>&#8211; Sans sucre ajout\u00e9<br>&#8211; Sans pulpe de fruit<\/p>\n\n\n\n<p><br><strong><strong>Emballage<\/strong><\/strong><br>&#8211; 6 x 100cl PET<\/p>\n\n\n\n<p><a href=\"https:\/\/www.familydrink.ch\/wp-content\/uploads\/2019\/03\/Spezifikation-Family-Drink-Orangensaft.pdf\" target=\"_blank\" rel=\"noreferrer noopener\">Tableau des valeurs nutritives<\/a><\/p>\n<\/div><\/div>\n\n\n\n<div style=\"height:100px\" aria-hidden=\"true\" class=\"wp-block-spacer\"><\/div>\n\n\n\n<div class=\"wp-block-media-text alignwide cdt-product cdt-is-produkt-direkt-orangen\"><figure class=\"wp-block-media-text__media\"><img loading=\"lazy\" decoding=\"async\" width=\"683\" height=\"1024\" src=\"https:\/\/www.familydrink.ch\/wp-content\/uploads\/sites\/5\/2023\/07\/family-drink-cocktail-1000cl-683x1024.jpg\" alt=\"Family Drink Cocktail 1000cl\" class=\"wp-image-6302 size-full\" srcset=\"https:\/\/www.familydrink.ch\/fr\/wp-content\/uploads\/sites\/5\/2023\/07\/family-drink-cocktail-1000cl-683x1024.jpg 683w, https:\/\/www.familydrink.ch\/fr\/wp-content\/uploads\/sites\/5\/2023\/07\/family-drink-cocktail-1000cl-200x300.jpg 200w, https:\/\/www.familydrink.ch\/fr\/wp-content\/uploads\/sites\/5\/2023\/07\/family-drink-cocktail-1000cl-768x1152.jpg 768w, https:\/\/www.familydrink.ch\/fr\/wp-content\/uploads\/sites\/5\/2023\/07\/family-drink-cocktail-1000cl.jpg 800w\" sizes=\"(max-width: 683px) 100vw, 683px\" \/><\/figure><div class=\"wp-block-media-text__content\">\n<h2 class=\"wp-block-heading\">Cocktail Family Drink<\/h2>\n\n\n\n<p><strong>Nectar fruit\u00e9 multivitamin\u00e9 compos\u00e9 de 12 fruits s\u00e9lectionn\u00e9s et de nombreuses vitamines essentielles<\/strong><\/p>\n\n\n\n<p>Marque : Family Drink<br>Appellation : Cocktail \/ Nectar multivitamin\u00e9<br>Au moins 50% de jus \u00e0 base de concentr\u00e9<br>Sans pulpe de fruit<\/p>\n\n\n\n<p><br><strong><strong>Distinction<\/strong><\/strong><br>&#8211; Vitamines essentielles<\/p>\n\n\n\n<p>Au moins 50% de jus concentr\u00e9 ou sa pulpe<br>&#8211; Orange<br>&#8211; Poire<br>&#8211; Pomme<br>&#8211; Ananas<br>&#8211; Raisin<br>&#8211; Mangue<br>&#8211; Nectarine<br>&#8211; Banane<br>&#8211; Fruit de la passion<br>&#8211; Citron<br>&#8211; Goyave<br>&#8211; Papaye<\/p>\n\n\n\n<p>&#8211; Sans sucre ajout\u00e9<br>&#8211; Sans pulpe de fruit<\/p>\n\n\n\n<p><br><strong><strong>Emballage<\/strong><\/strong><br>&#8211; 6 x 100cl PET<\/p>\n\n\n\n<p><a href=\"https:\/\/www.familydrink.ch\/wp-content\/uploads\/2019\/03\/Spezifikation-Family-Drink-Cocktail.pdf\" target=\"_blank\" rel=\"noreferrer noopener\">Tableau des valeurs nutritives<\/a><\/p>\n<\/div><\/div>\n\n\n\n<div style=\"height:100px\" aria-hidden=\"true\" class=\"wp-block-spacer\"><\/div>\n\n\n\n<div class=\"wp-block-media-text alignwide cdt-product cdt-is-produkt-direkt-orangen\"><figure class=\"wp-block-media-text__media\"><img loading=\"lazy\" decoding=\"async\" width=\"683\" height=\"1024\" src=\"https:\/\/www.familydrink.ch\/wp-content\/uploads\/sites\/5\/2023\/07\/naturella-orange-200cl-683x1024.jpg\" alt=\"naturella Orange 200cl\" class=\"wp-image-6304 size-full\" srcset=\"https:\/\/www.familydrink.ch\/fr\/wp-content\/uploads\/sites\/5\/2023\/07\/naturella-orange-200cl-683x1024.jpg 683w, https:\/\/www.familydrink.ch\/fr\/wp-content\/uploads\/sites\/5\/2023\/07\/naturella-orange-200cl-200x300.jpg 200w, https:\/\/www.familydrink.ch\/fr\/wp-content\/uploads\/sites\/5\/2023\/07\/naturella-orange-200cl-768x1152.jpg 768w, https:\/\/www.familydrink.ch\/fr\/wp-content\/uploads\/sites\/5\/2023\/07\/naturella-orange-200cl.jpg 800w\" sizes=\"(max-width: 683px) 100vw, 683px\" \/><\/figure><div class=\"wp-block-media-text__content\">\n<h2 class=\"wp-block-heading\">Jus d&rsquo;orange Naturella<\/h2>\n\n\n\n<p><strong><strong>100% de jus d&rsquo;orange du Br\u00e9sil<\/strong><\/strong><\/p>\n\n\n\n<p>Marque : Naturella<br>Appellation : Jus d&rsquo;orange<br>100% jus d&rsquo;orange \u00e0 base de concentr\u00e9, sans pulpe<\/p>\n\n\n\n<p><br><strong><strong>Distinction<\/strong><\/strong><br>&#8211; Le meilleur jus d&rsquo;orange en bouteille en verre<\/p>\n\n\n\n<p><br><strong><strong>Emballage<\/strong><\/strong><br>&#8211; 12 x 20cl &nbsp;bouteille en verre recyclable<\/p>\n\n\n\n<p><a rel=\"noreferrer noopener\" href=\"https:\/\/www.familydrink.ch\/wp-content\/uploads\/2019\/03\/Spezifikation-Naturella-Orangensaft-20cl.pdf\" target=\"_blank\">Tableau des valeurs nutritives<\/a><\/p>\n<\/div><\/div>\n\n\n\n<div style=\"height:100px\" aria-hidden=\"true\" class=\"wp-block-spacer\"><\/div>\n\n\n\n<div class=\"wp-block-media-text alignwide cdt-product cdt-is-produkt-direkt-orangen\"><figure class=\"wp-block-media-text__media\"><img loading=\"lazy\" decoding=\"async\" width=\"683\" height=\"1024\" src=\"https:\/\/www.familydrink.ch\/wp-content\/uploads\/sites\/5\/2023\/07\/naturella-apfel-200cl-683x1024.jpg\" alt=\"naturella Apfel 200cl\" class=\"wp-image-6306 size-full\" srcset=\"https:\/\/www.familydrink.ch\/fr\/wp-content\/uploads\/sites\/5\/2023\/07\/naturella-apfel-200cl-683x1024.jpg 683w, https:\/\/www.familydrink.ch\/fr\/wp-content\/uploads\/sites\/5\/2023\/07\/naturella-apfel-200cl-200x300.jpg 200w, https:\/\/www.familydrink.ch\/fr\/wp-content\/uploads\/sites\/5\/2023\/07\/naturella-apfel-200cl-768x1152.jpg 768w, https:\/\/www.familydrink.ch\/fr\/wp-content\/uploads\/sites\/5\/2023\/07\/naturella-apfel-200cl.jpg 800w\" sizes=\"(max-width: 683px) 100vw, 683px\" \/><\/figure><div class=\"wp-block-media-text__content\">\n<h2 class=\"wp-block-heading\">Jus de pomme Naturella<\/h2>\n\n\n\n<p><strong><strong>100% de jus de pomme rafra\u00eechissant<\/strong><\/strong><\/p>\n\n\n\n<p>Marque : Naturella<br>Appellation : Jus de pomme<br>100% jus de pomme \u00e0 base de concentr\u00e9 UE<br><\/p>\n\n\n\n<p><br><strong>Distinction<\/strong><br>&#8211; Le fameux jus de pomme en bouteille<br><\/p>\n\n\n\n<p><br><strong>Emballage<\/strong><br>&#8211; 12 x 20cl bouteille en verre recyclable<\/p>\n\n\n\n<p><a href=\"https:\/\/www.familydrink.ch\/wp-content\/uploads\/2019\/03\/Spezifikation-Naturella-Apfelsaft.pdf\" target=\"_blank\" rel=\"noreferrer noopener\">Tableau des valeurs nutritives<\/a><\/p>\n<\/div><\/div>\n\n\n\n<div style=\"height:100px\" aria-hidden=\"true\" class=\"wp-block-spacer\"><\/div>\n\n\n\n<div class=\"wp-block-media-text alignwide cdt-product cdt-is-produkt-direkt-orangen\"><figure class=\"wp-block-media-text__media\"><img loading=\"lazy\" decoding=\"async\" width=\"683\" height=\"1024\" src=\"https:\/\/www.familydrink.ch\/wp-content\/uploads\/sites\/5\/2023\/07\/naturella-multivitamin-200cl-683x1024.jpg\" alt=\"naturella Multivitamin 200cl\" class=\"wp-image-6307 size-full\" srcset=\"https:\/\/www.familydrink.ch\/fr\/wp-content\/uploads\/sites\/5\/2023\/07\/naturella-multivitamin-200cl-683x1024.jpg 683w, https:\/\/www.familydrink.ch\/fr\/wp-content\/uploads\/sites\/5\/2023\/07\/naturella-multivitamin-200cl-200x300.jpg 200w, https:\/\/www.familydrink.ch\/fr\/wp-content\/uploads\/sites\/5\/2023\/07\/naturella-multivitamin-200cl-768x1152.jpg 768w, https:\/\/www.familydrink.ch\/fr\/wp-content\/uploads\/sites\/5\/2023\/07\/naturella-multivitamin-200cl.jpg 800w\" sizes=\"(max-width: 683px) 100vw, 683px\" \/><\/figure><div class=\"wp-block-media-text__content\">\n<h2 class=\"wp-block-heading\">Naturella jus multivitamin\u00e9<\/h2>\n\n\n\n<p><strong>100% jus de pomme, orange, ananas, fruit de la passion, banane, goyave, nectarine, mangue, papaye, raisin, poire, citron vert et citron<\/strong><\/p>\n\n\n\n<p>Marque : Naturella<br>Appellation : jus multivitamin\u00e9 100% de jus \u00e0 base de concentr\u00e9\/pur\u00e9e de fruits et de nombreuses vitamines pr\u00e9cieuses<br><\/p>\n\n\n\n<p><br><strong><strong>Distinction<\/strong><\/strong><br>&#8211; Le plus fin des jus multivitamin\u00e9s portionn\u00e9<\/p>\n\n\n\n<p><br><strong><strong>Emballage<\/strong><\/strong><br>&#8211; 12 x 20cl verre jetable<\/p>\n\n\n\n<p><a rel=\"noreferrer noopener\" href=\"https:\/\/www.familydrink.ch\/wp-content\/uploads\/2019\/03\/Spezifikation-Naturella-Multivitaminsaft.pdf\" target=\"_blank\">Tableau des valeurs nutritives<\/a><\/p>\n<\/div><\/div>\n\n\n\n<div style=\"height:100px\" aria-hidden=\"true\" class=\"wp-block-spacer\"><\/div>\n\n\n\n<div class=\"wp-block-media-text alignwide cdt-product cdt-is-produkt-direkt-orangen\"><figure class=\"wp-block-media-text__media\"><img loading=\"lazy\" decoding=\"async\" width=\"683\" height=\"1024\" src=\"https:\/\/www.familydrink.ch\/wp-content\/uploads\/sites\/5\/2023\/07\/weser-gold-zitronensaft-750cl-683x1024.jpg\" alt=\"Weser Gold Zitronensaft 750cl\" class=\"wp-image-6308 size-full\" srcset=\"https:\/\/www.familydrink.ch\/fr\/wp-content\/uploads\/sites\/5\/2023\/07\/weser-gold-zitronensaft-750cl-683x1024.jpg 683w, https:\/\/www.familydrink.ch\/fr\/wp-content\/uploads\/sites\/5\/2023\/07\/weser-gold-zitronensaft-750cl-200x300.jpg 200w, https:\/\/www.familydrink.ch\/fr\/wp-content\/uploads\/sites\/5\/2023\/07\/weser-gold-zitronensaft-750cl-768x1152.jpg 768w, https:\/\/www.familydrink.ch\/fr\/wp-content\/uploads\/sites\/5\/2023\/07\/weser-gold-zitronensaft-750cl.jpg 800w\" sizes=\"(max-width: 683px) 100vw, 683px\" \/><\/figure><div class=\"wp-block-media-text__content\">\n<h2 class=\"wp-block-heading\">Jus de citron Wesergold<\/h2>\n\n\n\n<p><strong>100% de jus de citron \u00e0 base de concentr\u00e9<\/strong><br><strong>\u00c9quivalent \u00e0 environ 23 citrons<\/strong><\/p>\n\n\n\n<p>Marque : Wesergold<br>D\u00e9signation : Jus de citron<br>100% de jus \u00e0 base de concentr\u00e9, sans pulpe<\/p>\n\n\n\n<p><br><strong><strong>Distinction<\/strong><\/strong><br>&#8211; Id\u00e9al pour \u00e9laborer des mocktails\/cocktails ou pour cr\u00e9er de d\u00e9licieux desserts<\/p>\n\n\n\n<p><br><strong><strong>Emballage<\/strong><\/strong><br>&#8211; 12 x 75cl bouteille en verre recyclable<\/p>\n\n\n\n<p><a rel=\"noreferrer noopener\" href=\"https:\/\/www.familydrink.ch\/wp-content\/uploads\/2019\/03\/Spezifikation-Zitronensaft.pdf\" target=\"_blank\">Tableau des valeurs nutritives<\/a><\/p>\n<\/div><\/div>\n","protected":false},"excerpt":{"rendered":"<p>Jus de fruits \/ Nectars Seuls les meilleurs fruits sont utilis\u00e9s pour la production de jus. Gr\u00e2ce \u00e0 un traitement en douceur, les jus Family Drink conservent leur go\u00fbt frais et fruit\u00e9 et ne contiennent pas de substances am\u00e8res. Que ce soit pour la pr\u00e9paration de cocktail, pour l&rsquo;ap\u00e9ritif, pour consommer entre les repas ou [&hellip;]<\/p>\n","protected":false},"author":1,"featured_media":0,"parent":16,"menu_order":0,"comment_status":"closed","ping_status":"closed","template":"","meta":{"_themeisle_gutenberg_block_has_review":false,"footnotes":"","_links_to":"","_links_to_target":""},"class_list":["post-5974","page","type-page","status-publish","hentry"],"_links":{"self":[{"href":"https:\/\/www.familydrink.ch\/fr\/wp-json\/wp\/v2\/pages\/5974"}],"collection":[{"href":"https:\/\/www.familydrink.ch\/fr\/wp-json\/wp\/v2\/pages"}],"about":[{"href":"https:\/\/www.familydrink.ch\/fr\/wp-json\/wp\/v2\/types\/page"}],"author":[{"embeddable":true,"href":"https:\/\/www.familydrink.ch\/fr\/wp-json\/wp\/v2\/users\/1"}],"replies":[{"embeddable":true,"href":"https:\/\/www.familydrink.ch\/fr\/wp-json\/wp\/v2\/comments?post=5974"}],"version-history":[{"count":69,"href":"https:\/\/www.familydrink.ch\/fr\/wp-json\/wp\/v2\/pages\/5974\/revisions"}],"predecessor-version":[{"id":6576,"href":"https:\/\/www.familydrink.ch\/fr\/wp-json\/wp\/v2\/pages\/5974\/revisions\/6576"}],"up":[{"embeddable":true,"href":"https:\/\/www.familydrink.ch\/fr\/wp-json\/wp\/v2\/pages\/16"}],"wp:attachment":[{"href":"https:\/\/www.familydrink.ch\/fr\/wp-json\/wp\/v2\/media?parent=5974"}],"curies":[{"name":"wp","href":"https:\/\/api.w.org\/{rel}","templated":true}]}}