{"id":5955,"date":"2023-05-26T07:29:23","date_gmt":"2023-05-26T07:29:23","guid":{"rendered":"https:\/\/www.familydrink.ch\/?page_id=5955"},"modified":"2023-08-08T14:53:19","modified_gmt":"2023-08-08T14:53:19","slug":"ice-tea","status":"publish","type":"page","link":"https:\/\/www.familydrink.ch\/fr\/produits\/ice-tea\/","title":{"rendered":"Ice Tea"},"content":{"rendered":"\n<h1 class=\"wp-block-heading\" id=\"mce_2\"><strong>Ice Tea<\/strong><\/h1>\n\n\n\n<p>Family Drink ICE TEA avec peu de sucre est une exp\u00e9rience gustative de haut niveau.<\/p>\n\n\n\n<p>Riche, rafra\u00eechissant et fruit\u00e9, Family Drink ICE TEA s&rsquo;adresse \u00e0 ceux qui savent ce qui est bon.<\/p>\n\n\n\n<p>Gr\u00e2ce aux mati\u00e8res premi\u00e8res de qualit\u00e9 et au sucre suisse, Family Drink ICE TEA est une exp\u00e9rience gustative inoubliable pour toute la famille.<\/p>\n\n\n\n<p>Family Drink ICED TEA est r\u00e9serv\u00e9 aux connaisseurs.<\/p>\n\n\n\n<div style=\"height:100px\" aria-hidden=\"true\" class=\"wp-block-spacer\"><\/div>\n\n\n\n<div class=\"wp-block-media-text alignwide cdt-product cdt-is-produkt-citro\"><figure class=\"wp-block-media-text__media\"><img loading=\"lazy\" decoding=\"async\" width=\"683\" height=\"1024\" src=\"https:\/\/www.familydrink.ch\/wp-content\/uploads\/sites\/5\/2023\/07\/family-drink-iced-tea-lemon-500cl-683x1024.jpg\" alt=\"Family Drink Iced Tea Lemon 500cl\" class=\"wp-image-6296 size-full\" srcset=\"https:\/\/www.familydrink.ch\/fr\/wp-content\/uploads\/sites\/5\/2023\/07\/family-drink-iced-tea-lemon-500cl-683x1024.jpg 683w, https:\/\/www.familydrink.ch\/fr\/wp-content\/uploads\/sites\/5\/2023\/07\/family-drink-iced-tea-lemon-500cl-200x300.jpg 200w, https:\/\/www.familydrink.ch\/fr\/wp-content\/uploads\/sites\/5\/2023\/07\/family-drink-iced-tea-lemon-500cl-768x1152.jpg 768w, https:\/\/www.familydrink.ch\/fr\/wp-content\/uploads\/sites\/5\/2023\/07\/family-drink-iced-tea-lemon-500cl.jpg 800w\" sizes=\"(max-width: 683px) 100vw, 683px\" \/><\/figure><div class=\"wp-block-media-text__content\">\n<h2 class=\"wp-block-heading\" id=\"original-zurzacher-mineralwasser-classic\">\u00abFamily Drink Ice Tea\u00bb Lemon<\/h2>\n\n\n\n<p><strong><strong>Th\u00e9 glac\u00e9 au citron suisse rafra\u00eechissant<\/strong><\/strong><\/p>\n\n\n\n<p>Marque : Family Drink<br>Appellation : Th\u00e9 glac\u00e9 au citron<br>Go\u00fbt : Th\u00e9 glac\u00e9 au go\u00fbt rafra\u00eechissant de citron<br>\u00c0 base d&rsquo;extraits de th\u00e9 noir<\/p>\n\n\n\n<p><br><strong><strong>Distinction<\/strong><\/strong><br>&#8211; Seulement 5,9g\/100ml de sucre<br>&#8211; Sucre suisse<br>&#8211; Sans \u00e9dulcorants artificiels ni st\u00e9via<br>&#8211; Mise en bouteille suisse- Bouteille PET 50cl \u00e0 col large<\/p>\n\n\n\n<p><br><strong><strong>Emballage<\/strong><\/strong><br>&#8211; 12x 50cl PET<\/p>\n\n\n\n<p><a href=\"https:\/\/www.familydrink.ch\/wp-content\/uploads\/2019\/03\/Spezifikation-Family-Drink-Iced-Tea-Lemon.pdf\" target=\"_blank\" rel=\"noreferrer noopener\">Tableau des valeurs nutritives<\/a><\/p>\n<\/div><\/div>\n\n\n\n<div style=\"height:100px\" aria-hidden=\"true\" class=\"wp-block-spacer\"><\/div>\n\n\n\n<div class=\"wp-block-media-text alignwide cdt-product cdt-is-produkt-eistee-pfirsich\"><figure class=\"wp-block-media-text__media\"><img loading=\"lazy\" decoding=\"async\" width=\"683\" height=\"1024\" src=\"https:\/\/www.familydrink.ch\/wp-content\/uploads\/sites\/5\/2023\/07\/family-drink-iced-tea-peach-500cl-683x1024.jpg\" alt=\"Family Drink Iced Tea Peach 500cl\" class=\"wp-image-6298 size-full\" srcset=\"https:\/\/www.familydrink.ch\/fr\/wp-content\/uploads\/sites\/5\/2023\/07\/family-drink-iced-tea-peach-500cl-683x1024.jpg 683w, https:\/\/www.familydrink.ch\/fr\/wp-content\/uploads\/sites\/5\/2023\/07\/family-drink-iced-tea-peach-500cl-200x300.jpg 200w, https:\/\/www.familydrink.ch\/fr\/wp-content\/uploads\/sites\/5\/2023\/07\/family-drink-iced-tea-peach-500cl-768x1152.jpg 768w, https:\/\/www.familydrink.ch\/fr\/wp-content\/uploads\/sites\/5\/2023\/07\/family-drink-iced-tea-peach-500cl.jpg 800w\" sizes=\"(max-width: 683px) 100vw, 683px\" \/><\/figure><div class=\"wp-block-media-text__content\">\n<h2 class=\"wp-block-heading\" id=\"original-zurzacher-mineralwasser-medium\">\u00abFamily Drink Ice Tea\u00bb P\u00eache<\/h2>\n\n\n\n<p><strong><strong>Th\u00e9 glac\u00e9 suisse rafra\u00eechissant \u00e0 la p\u00eache<\/strong><\/strong><\/p>\n\n\n\n<p>Marque : Family Drink<br>Appellation : Th\u00e9 glac\u00e9 \u00e0 la p\u00eache<br>Go\u00fbt : Th\u00e9 glac\u00e9 au go\u00fbt rafra\u00eechissant de p\u00eache<br>\u00c0 base d&rsquo;extraits de th\u00e9 noir<\/p>\n\n\n\n<p><br><strong><strong>Distinction<\/strong><\/strong><br>&#8211; Seulement 5,9g\/100ml de sucre<br>&#8211; Sucre suisse<br>&#8211; Sans \u00e9dulcorants artificiels ni st\u00e9via<br>&#8211; Mise en bouteille suisse<br>&#8211; Bouteille PET 50cl \u00e0 col large<\/p>\n\n\n\n<p><br><strong><strong>Emballage<\/strong><\/strong><br>&#8211; 12x 50cl PET<\/p>\n\n\n\n<p><a href=\"https:\/\/www.familydrink.ch\/wp-content\/uploads\/2019\/03\/Spezifikation-Family-Drink-Iced-Tea-Peach.pdf\" target=\"_blank\" rel=\"noreferrer noopener\">Tableau des valeurs nutritives<\/a><\/p>\n<\/div><\/div>\n","protected":false},"excerpt":{"rendered":"<p>Ice Tea Family Drink ICE TEA avec peu de sucre est une exp\u00e9rience gustative de haut niveau. Riche, rafra\u00eechissant et fruit\u00e9, Family Drink ICE TEA s&rsquo;adresse \u00e0 ceux qui savent ce qui est bon. Gr\u00e2ce aux mati\u00e8res premi\u00e8res de qualit\u00e9 et au sucre suisse, Family Drink ICE TEA est une exp\u00e9rience gustative inoubliable pour toute [&hellip;]<\/p>\n","protected":false},"author":1,"featured_media":0,"parent":16,"menu_order":0,"comment_status":"closed","ping_status":"closed","template":"","meta":{"_themeisle_gutenberg_block_has_review":false,"footnotes":"","_links_to":"","_links_to_target":""},"class_list":["post-5955","page","type-page","status-publish","hentry"],"_links":{"self":[{"href":"https:\/\/www.familydrink.ch\/fr\/wp-json\/wp\/v2\/pages\/5955"}],"collection":[{"href":"https:\/\/www.familydrink.ch\/fr\/wp-json\/wp\/v2\/pages"}],"about":[{"href":"https:\/\/www.familydrink.ch\/fr\/wp-json\/wp\/v2\/types\/page"}],"author":[{"embeddable":true,"href":"https:\/\/www.familydrink.ch\/fr\/wp-json\/wp\/v2\/users\/1"}],"replies":[{"embeddable":true,"href":"https:\/\/www.familydrink.ch\/fr\/wp-json\/wp\/v2\/comments?post=5955"}],"version-history":[{"count":40,"href":"https:\/\/www.familydrink.ch\/fr\/wp-json\/wp\/v2\/pages\/5955\/revisions"}],"predecessor-version":[{"id":6559,"href":"https:\/\/www.familydrink.ch\/fr\/wp-json\/wp\/v2\/pages\/5955\/revisions\/6559"}],"up":[{"embeddable":true,"href":"https:\/\/www.familydrink.ch\/fr\/wp-json\/wp\/v2\/pages\/16"}],"wp:attachment":[{"href":"https:\/\/www.familydrink.ch\/fr\/wp-json\/wp\/v2\/media?parent=5955"}],"curies":[{"name":"wp","href":"https:\/\/api.w.org\/{rel}","templated":true}]}}