{"id":56,"date":"2019-03-19T09:41:48","date_gmt":"2019-03-19T09:41:48","guid":{"rendered":"https:\/\/www.familydrink.ch\/?page_id=56"},"modified":"2023-08-08T09:31:42","modified_gmt":"2023-08-08T09:31:42","slug":"nachhaltigkeit","status":"publish","type":"page","link":"https:\/\/www.familydrink.ch\/fr\/entreprise\/nachhaltigkeit\/","title":{"rendered":"Durabilit\u00e9"},"content":{"rendered":"\n<h1 class=\"wp-block-heading\"><strong>Durabilit\u00e9<\/strong> Family Drink<\/h1>\n\n\n\n<p>Nous ne consid\u00e9rons pas la protection de la nature comme un devoir, mais comme une \u00e9vidence.<\/p>\n\n\n\n<p>Nous nous procurons les mati\u00e8res premi\u00e8res utilis\u00e9es exclusivement aupr\u00e8s de commer\u00e7ants certifi\u00e9s qui r\u00e9pondent aux exigences les plus strictes.<\/p>\n\n\n\n<p>Pour les produits de la marque Family Drink, nous utilisons exclusivement du PET suisse avec un minimum de 50% de R-PET.<\/p>\n","protected":false},"excerpt":{"rendered":"<p>Durabilit\u00e9 Family Drink Nous ne consid\u00e9rons pas la protection de la nature comme un devoir, mais comme une \u00e9vidence. Nous nous procurons les mati\u00e8res premi\u00e8res utilis\u00e9es exclusivement aupr\u00e8s de commer\u00e7ants certifi\u00e9s qui r\u00e9pondent aux exigences les plus strictes. Pour les produits de la marque Family Drink, nous utilisons exclusivement du PET suisse avec un minimum [&hellip;]<\/p>\n","protected":false},"author":1,"featured_media":0,"parent":46,"menu_order":0,"comment_status":"closed","ping_status":"closed","template":"","meta":{"_themeisle_gutenberg_block_has_review":false,"footnotes":"","_links_to":"","_links_to_target":""},"class_list":["post-56","page","type-page","status-publish","hentry"],"_links":{"self":[{"href":"https:\/\/www.familydrink.ch\/fr\/wp-json\/wp\/v2\/pages\/56"}],"collection":[{"href":"https:\/\/www.familydrink.ch\/fr\/wp-json\/wp\/v2\/pages"}],"about":[{"href":"https:\/\/www.familydrink.ch\/fr\/wp-json\/wp\/v2\/types\/page"}],"author":[{"embeddable":true,"href":"https:\/\/www.familydrink.ch\/fr\/wp-json\/wp\/v2\/users\/1"}],"replies":[{"embeddable":true,"href":"https:\/\/www.familydrink.ch\/fr\/wp-json\/wp\/v2\/comments?post=56"}],"version-history":[{"count":40,"href":"https:\/\/www.familydrink.ch\/fr\/wp-json\/wp\/v2\/pages\/56\/revisions"}],"predecessor-version":[{"id":6538,"href":"https:\/\/www.familydrink.ch\/fr\/wp-json\/wp\/v2\/pages\/56\/revisions\/6538"}],"up":[{"embeddable":true,"href":"https:\/\/www.familydrink.ch\/fr\/wp-json\/wp\/v2\/pages\/46"}],"wp:attachment":[{"href":"https:\/\/www.familydrink.ch\/fr\/wp-json\/wp\/v2\/media?parent=56"}],"curies":[{"name":"wp","href":"https:\/\/api.w.org\/{rel}","templated":true}]}}