{"id":48,"date":"2019-03-19T09:40:57","date_gmt":"2019-03-19T09:40:57","guid":{"rendered":"https:\/\/www.familydrink.ch\/?page_id=48"},"modified":"2023-08-16T16:42:03","modified_gmt":"2023-08-16T16:42:03","slug":"philosophie","status":"publish","type":"page","link":"https:\/\/www.familydrink.ch\/fr\/entreprise\/philosophie\/","title":{"rendered":"Philosophie"},"content":{"rendered":"\n<h1 class=\"wp-block-heading\"><strong>Philosophie<\/strong> Family Drink<\/h1>\n\n\n\n<p><\/p>\n\n\n\n<p class=\"has-text-align-left\"><strong><strong>La marque suisse, r\u00e9serv\u00e9e aux connaisseurs<\/strong><\/strong><\/p>\n\n\n\n<p>La marque \u00ab\u00a0Family Drink\u00a0\u00bb est synonyme de qualit\u00e9 suisse sup\u00e9rieure, \u00e0 un prix familial. La s\u00e9lection parfaite de produits sains et rafra\u00eechissants r\u00e9serv\u00e9s aux connaisseurs.<\/p>\n\n\n\n<p>Peu importe o\u00f9 l&rsquo;on se trouve, quelle que soit la langue que l&rsquo;on parle, que l&rsquo;on soit seul ou accompagn\u00e9, avec Family Drink, on se sent toujours et partout chez soi.<\/p>\n\n\n\n<p>La marque \u00ab\u00a0Family Drink\u00a0\u00bb convient parfaitement aux personnes qui pr\u00e9f\u00e8rent les produits suisses de qualit\u00e9 et pour qui une \u00e9limination des emballages respectueuse de l&rsquo;environnement est importante. En effet, chaque bouteille en PET correctement \u00e9limin\u00e9e est recycl\u00e9e \u00e0 100%.<\/p>\n\n\n\n<p>Notre assortiment est compl\u00e9t\u00e9 par des\u00a0boissons\u00a0import\u00e9es d&rsquo;Europe, qui comptent parmi les meilleures de leur cat\u00e9gorie en termes de qualit\u00e9 et de prix.<\/p>\n","protected":false},"excerpt":{"rendered":"<p>Philosophie Family Drink La marque suisse, r\u00e9serv\u00e9e aux connaisseurs La marque \u00ab\u00a0Family Drink\u00a0\u00bb est synonyme de qualit\u00e9 suisse sup\u00e9rieure, \u00e0 un prix familial. La s\u00e9lection parfaite de produits sains et rafra\u00eechissants r\u00e9serv\u00e9s aux connaisseurs. Peu importe o\u00f9 l&rsquo;on se trouve, quelle que soit la langue que l&rsquo;on parle, que l&rsquo;on soit seul ou accompagn\u00e9, avec [&hellip;]<\/p>\n","protected":false},"author":1,"featured_media":0,"parent":46,"menu_order":0,"comment_status":"closed","ping_status":"closed","template":"","meta":{"_themeisle_gutenberg_block_has_review":false,"footnotes":"","_links_to":"","_links_to_target":""},"class_list":["post-48","page","type-page","status-publish","hentry"],"_links":{"self":[{"href":"https:\/\/www.familydrink.ch\/fr\/wp-json\/wp\/v2\/pages\/48"}],"collection":[{"href":"https:\/\/www.familydrink.ch\/fr\/wp-json\/wp\/v2\/pages"}],"about":[{"href":"https:\/\/www.familydrink.ch\/fr\/wp-json\/wp\/v2\/types\/page"}],"author":[{"embeddable":true,"href":"https:\/\/www.familydrink.ch\/fr\/wp-json\/wp\/v2\/users\/1"}],"replies":[{"embeddable":true,"href":"https:\/\/www.familydrink.ch\/fr\/wp-json\/wp\/v2\/comments?post=48"}],"version-history":[{"count":24,"href":"https:\/\/www.familydrink.ch\/fr\/wp-json\/wp\/v2\/pages\/48\/revisions"}],"predecessor-version":[{"id":6584,"href":"https:\/\/www.familydrink.ch\/fr\/wp-json\/wp\/v2\/pages\/48\/revisions\/6584"}],"up":[{"embeddable":true,"href":"https:\/\/www.familydrink.ch\/fr\/wp-json\/wp\/v2\/pages\/46"}],"wp:attachment":[{"href":"https:\/\/www.familydrink.ch\/fr\/wp-json\/wp\/v2\/media?parent=48"}],"curies":[{"name":"wp","href":"https:\/\/api.w.org\/{rel}","templated":true}]}}