{"id":4194,"date":"2021-08-11T12:37:56","date_gmt":"2021-08-11T12:37:56","guid":{"rendered":"https:\/\/www.familydrink.ch\/?page_id=4194"},"modified":"2023-08-16T16:40:20","modified_gmt":"2023-08-16T16:40:20","slug":"erfrischungsgetraenke","status":"publish","type":"page","link":"https:\/\/www.familydrink.ch\/fr\/produits\/erfrischungsgetraenke\/","title":{"rendered":"Boissons rafra\u00eechissantes"},"content":{"rendered":"\n<h1 class=\"wp-block-heading\" id=\"mce_1\"><strong>Boissons rafra\u00eechissantes<\/strong><\/h1>\n\n\n\n<p>Notre s\u00e9lection vari\u00e9e de boissons saines et d\u00e9salt\u00e9rantes r\u00e9serv\u00e9es&nbsp; \u00e9tanche toutes les soifs.<br>Disponibles dans un emballage Tetra Brick tr\u00e8s tendance, elles sont \u00e9quip\u00e9es d&rsquo;une paille.<\/p>\n\n\n\n<div style=\"height:100px\" aria-hidden=\"true\" class=\"wp-block-spacer\"><\/div>\n\n\n\n<div class=\"wp-block-media-text alignwide cdt-product cdt-is-produkt-eistee-pfirsich\"><figure class=\"wp-block-media-text__media\"><img loading=\"lazy\" decoding=\"async\" width=\"1024\" height=\"1024\" src=\"https:\/\/www.familydrink.ch\/wp-content\/uploads\/sites\/5\/2021\/08\/Durstloescher_Granatapfel_50cl-1024x1024.jpg\" alt=\"Durstloescher Granatapfel 50cl\" class=\"wp-image-4165 size-full\" srcset=\"https:\/\/www.familydrink.ch\/fr\/wp-content\/uploads\/sites\/5\/2021\/08\/Durstloescher_Granatapfel_50cl-1024x1024.jpg 1024w, https:\/\/www.familydrink.ch\/fr\/wp-content\/uploads\/sites\/5\/2021\/08\/Durstloescher_Granatapfel_50cl-300x300.jpg 300w, https:\/\/www.familydrink.ch\/fr\/wp-content\/uploads\/sites\/5\/2021\/08\/Durstloescher_Granatapfel_50cl-150x150.jpg 150w, https:\/\/www.familydrink.ch\/fr\/wp-content\/uploads\/sites\/5\/2021\/08\/Durstloescher_Granatapfel_50cl-768x768.jpg 768w, https:\/\/www.familydrink.ch\/fr\/wp-content\/uploads\/sites\/5\/2021\/08\/Durstloescher_Granatapfel_50cl.jpg 1200w\" sizes=\"(max-width: 1024px) 100vw, 1024px\" \/><\/figure><div class=\"wp-block-media-text__content\">\n<h2 class=\"wp-block-heading\"><strong>Durstl\u00f6scher Grenade \/ Citron<\/strong><\/h2>\n\n\n\n<p><strong><strong>Exotique, rafra\u00eechissant et bon<\/strong><\/strong><\/p>\n\n\n\n<p>Marque : Durstl\u00f6scher<br>D\u00e9signation : Grenade \/ Citron<br>au moins 3% de jus \u00e0 base de concentr\u00e9<\/p>\n\n\n\n<p><br><strong><strong>Distinction<\/strong><\/strong><br>&#8211; Au moins 3% de jus de fruits \u00e0 l&rsquo;ar\u00f4me naturel<br>&#8211; Avec paille<\/p>\n\n\n\n<p><br><strong><strong>Emballage<\/strong><\/strong><br>&#8211; 12 x 50cl Tetra Brik<\/p>\n\n\n\n<p><a rel=\"noreferrer noopener\" href=\"https:\/\/www.familydrink.ch\/wp-content\/uploads\/2019\/03\/Naehrwerttabelle-Durstloescher-Granatapfel-und-Zitrone.pdf\" target=\"_blank\">Tableau des valeurs nutritives<\/a><\/p>\n<\/div><\/div>\n\n\n\n<div style=\"height:100px\" aria-hidden=\"true\" class=\"wp-block-spacer\"><\/div>\n\n\n\n<div class=\"wp-block-media-text alignwide cdt-product cdt-is-produkt-eistee-pfirsich\"><figure class=\"wp-block-media-text__media\"><img loading=\"lazy\" decoding=\"async\" width=\"1024\" height=\"1024\" src=\"https:\/\/www.familydrink.ch\/wp-content\/uploads\/sites\/5\/2021\/08\/Durstloescher_Cola_50cl-1024x1024.jpg\" alt=\"Durstloescher Cola 50cl\" class=\"wp-image-4160 size-full\" srcset=\"https:\/\/www.familydrink.ch\/fr\/wp-content\/uploads\/sites\/5\/2021\/08\/Durstloescher_Cola_50cl-1024x1024.jpg 1024w, https:\/\/www.familydrink.ch\/fr\/wp-content\/uploads\/sites\/5\/2021\/08\/Durstloescher_Cola_50cl-300x300.jpg 300w, https:\/\/www.familydrink.ch\/fr\/wp-content\/uploads\/sites\/5\/2021\/08\/Durstloescher_Cola_50cl-150x150.jpg 150w, https:\/\/www.familydrink.ch\/fr\/wp-content\/uploads\/sites\/5\/2021\/08\/Durstloescher_Cola_50cl-768x768.jpg 768w, https:\/\/www.familydrink.ch\/fr\/wp-content\/uploads\/sites\/5\/2021\/08\/Durstloescher_Cola_50cl.jpg 1200w\" sizes=\"(max-width: 1024px) 100vw, 1024px\" \/><\/figure><div class=\"wp-block-media-text__content\">\n<h2 class=\"wp-block-heading\"><strong>Durstl\u00f6scher Cola<\/strong><\/h2>\n\n\n\n<p><strong><strong>V\u00e9ritable cola, sans caf\u00e9ine, sans gaz carbonique<\/strong><\/strong><\/p>\n\n\n\n<p>Marque : Durstl\u00f6scher<br>D\u00e9signation : Cola<br>Avec ar\u00f4me naturel<\/p>\n\n\n\n<p><br><strong><strong>Distinction<\/strong><\/strong><br>&#8211; Cola sans Co2, sans caf\u00e9ine<br>&#8211; Avec ar\u00f4me naturel<br>&#8211; (A le m\u00eame go\u00fbt que le c\u00e9l\u00e8bre bonbon au cola)<br>&#8211; Avec paille<\/p>\n\n\n\n<p><br><strong><strong>Emballage<\/strong><br><\/strong>&#8211; 12 x 50cl Tetra Brik<\/p>\n\n\n\n<p><a rel=\"noreferrer noopener\" href=\"https:\/\/www.familydrink.ch\/wp-content\/uploads\/2019\/03\/Naehrwerttabelle-Durstloescher-Cola.pdf\" target=\"_blank\">Tableau des valeurs nutritives<\/a><\/p>\n<\/div><\/div>\n\n\n\n<div style=\"height:100px\" aria-hidden=\"true\" class=\"wp-block-spacer\"><\/div>\n\n\n\n<div class=\"wp-block-media-text alignwide cdt-product cdt-is-produkt-eistee-pfirsich\"><figure class=\"wp-block-media-text__media\"><img loading=\"lazy\" decoding=\"async\" width=\"1024\" height=\"1024\" src=\"https:\/\/www.familydrink.ch\/wp-content\/uploads\/sites\/5\/2021\/08\/Durstloescher_Wassermelone_50cl-1024x1024.jpg\" alt=\"Durstloescher Wassermelone 50cl\" class=\"wp-image-4164 size-full\" srcset=\"https:\/\/www.familydrink.ch\/fr\/wp-content\/uploads\/sites\/5\/2021\/08\/Durstloescher_Wassermelone_50cl-1024x1024.jpg 1024w, https:\/\/www.familydrink.ch\/fr\/wp-content\/uploads\/sites\/5\/2021\/08\/Durstloescher_Wassermelone_50cl-300x300.jpg 300w, https:\/\/www.familydrink.ch\/fr\/wp-content\/uploads\/sites\/5\/2021\/08\/Durstloescher_Wassermelone_50cl-150x150.jpg 150w, https:\/\/www.familydrink.ch\/fr\/wp-content\/uploads\/sites\/5\/2021\/08\/Durstloescher_Wassermelone_50cl-768x768.jpg 768w, https:\/\/www.familydrink.ch\/fr\/wp-content\/uploads\/sites\/5\/2021\/08\/Durstloescher_Wassermelone_50cl.jpg 1200w\" sizes=\"(max-width: 1024px) 100vw, 1024px\" \/><\/figure><div class=\"wp-block-media-text__content\">\n<h2 class=\"wp-block-heading\"><strong>Durstl\u00f6scher Go\u00fbt de past\u00e8que<\/strong><\/h2>\n\n\n\n<p><strong><strong>Aux go\u00fbt d&rsquo;une past\u00e8que m\u00fbrie au soleil.<\/strong><\/strong><\/p>\n\n\n\n<p>Marque : Durstl\u00f6scher<br>D\u00e9signation : Go\u00fbt de past\u00e8que<br>Au moins 12% de jus de pomme \u00e0 base de concentr\u00e9<\/p>\n\n\n\n<p><br><strong><strong>Distinction<\/strong><\/strong><br>&#8211; Au moins 12% de jus de fruits \u00e0 l&rsquo;ar\u00f4me naturel <br>&#8211; Avec paille<\/p>\n\n\n\n<p><br><strong><strong>Emballage<\/strong><\/strong><br>&#8211; 12 x 50cl Tetra Brik<\/p>\n\n\n\n<p><a rel=\"noreferrer noopener\" href=\"https:\/\/www.familydrink.ch\/wp-content\/uploads\/2019\/03\/Naehrwerttabelle-Durstloescher-Wassermelone.pdf\" target=\"_blank\">Tableau des valeurs nutritives<\/a><\/p>\n<\/div><\/div>\n\n\n\n<div style=\"height:100px\" aria-hidden=\"true\" class=\"wp-block-spacer\"><\/div>\n\n\n\n<div class=\"wp-block-media-text alignwide cdt-product cdt-is-produkt-eistee-pfirsich\"><figure class=\"wp-block-media-text__media\"><img loading=\"lazy\" decoding=\"async\" width=\"1024\" height=\"1024\" src=\"https:\/\/www.familydrink.ch\/wp-content\/uploads\/sites\/5\/2019\/03\/Durstloescher_Multivitamin_50cl-1024x1024.jpg\" alt=\"\" class=\"wp-image-4518 size-full\" srcset=\"https:\/\/www.familydrink.ch\/fr\/wp-content\/uploads\/sites\/5\/2019\/03\/Durstloescher_Multivitamin_50cl-1024x1024.jpg 1024w, https:\/\/www.familydrink.ch\/fr\/wp-content\/uploads\/sites\/5\/2019\/03\/Durstloescher_Multivitamin_50cl-300x300.jpg 300w, https:\/\/www.familydrink.ch\/fr\/wp-content\/uploads\/sites\/5\/2019\/03\/Durstloescher_Multivitamin_50cl-150x150.jpg 150w, https:\/\/www.familydrink.ch\/fr\/wp-content\/uploads\/sites\/5\/2019\/03\/Durstloescher_Multivitamin_50cl-768x768.jpg 768w, https:\/\/www.familydrink.ch\/fr\/wp-content\/uploads\/sites\/5\/2019\/03\/Durstloescher_Multivitamin_50cl.jpg 1200w\" sizes=\"(max-width: 1024px) 100vw, 1024px\" \/><\/figure><div class=\"wp-block-media-text__content\">\n<h2 class=\"wp-block-heading\"><strong>Durstl\u00f6scher Multivitamin\u00e9s<\/strong><\/h2>\n\n\n\n<p><strong><strong>Rafra\u00eechissement sain avec beaucoup de fruits et de vitamines.<\/strong><\/strong><\/p>\n\n\n\n<p>Marque : Durstl\u00f6scher<br>D\u00e9signation : Boisson multivitamin\u00e9e<br>Avec 6 vitamines<br>Avec ar\u00f4me naturel, au moins 15% de jus de fruits \u00e0 base de concentr\u00e9<\/p>\n\n\n\n<p><br><strong><strong>Distinction<\/strong><\/strong><br>&#8211; Avec au moins 15% de jus de fruits provenant de 12 fruits diff\u00e9rents<br>&#8211; Avec de nombreuses vitamines pr\u00e9cieuses <br>&#8211; Avec paille<\/p>\n\n\n\n<p><br><strong><strong>Emballage<\/strong><\/strong><br>&#8211; 12 x 50cl Tetra Brik<\/p>\n\n\n\n<p><a href=\"https:\/\/www.familydrink.ch\/wp-content\/uploads\/2019\/03\/Naehrwerttabelle-Durstloescher-Multivitamin-12-Frucht.pdf\" target=\"_blank\" rel=\"noreferrer noopener\">Tableau des valeurs nutritives<\/a><\/p>\n\n\n\n<p><\/p>\n<\/div><\/div>\n\n\n\n<div style=\"height:100px\" aria-hidden=\"true\" class=\"wp-block-spacer\"><\/div>\n\n\n\n<div class=\"wp-block-media-text alignwide cdt-product cdt-is-produkt-eistee-pfirsich\"><figure class=\"wp-block-media-text__media\"><img loading=\"lazy\" decoding=\"async\" width=\"1024\" height=\"1024\" src=\"https:\/\/www.familydrink.ch\/wp-content\/uploads\/sites\/5\/2021\/08\/Durstloescher_Bluberry_50cl-1024x1024.jpg\" alt=\"\" class=\"wp-image-4159 size-full\" srcset=\"https:\/\/www.familydrink.ch\/fr\/wp-content\/uploads\/sites\/5\/2021\/08\/Durstloescher_Bluberry_50cl-1024x1024.jpg 1024w, https:\/\/www.familydrink.ch\/fr\/wp-content\/uploads\/sites\/5\/2021\/08\/Durstloescher_Bluberry_50cl-300x300.jpg 300w, https:\/\/www.familydrink.ch\/fr\/wp-content\/uploads\/sites\/5\/2021\/08\/Durstloescher_Bluberry_50cl-150x150.jpg 150w, https:\/\/www.familydrink.ch\/fr\/wp-content\/uploads\/sites\/5\/2021\/08\/Durstloescher_Bluberry_50cl-768x768.jpg 768w, https:\/\/www.familydrink.ch\/fr\/wp-content\/uploads\/sites\/5\/2021\/08\/Durstloescher_Bluberry_50cl.jpg 1200w\" sizes=\"(max-width: 1024px) 100vw, 1024px\" \/><\/figure><div class=\"wp-block-media-text__content\">\n<h2 class=\"wp-block-heading\">Durstl\u00f6scher <strong>Myrtille \/ Guimauve<\/strong><\/h2>\n\n\n\n<p><strong>Jeune, insolent, fruit\u00e9!<\/strong><\/p>\n\n\n\n<p>Marque : Durstl\u00f6scher<br>Description : Go\u00fbt Myrtille \/ Guimauve<br>Au moins 12% de jus de pomme \u00e0 base de concentr\u00e9<\/p>\n\n\n\n<p><br><strong><strong>Distinction<\/strong><\/strong><br>&#8211; Au moins 12% de jus de fruits<br>&#8211; Avec ar\u00f4me naturel<br>&#8211; Avec paille<\/p>\n\n\n\n<p><br><strong><strong>Emballage<\/strong><\/strong><br>&#8211; 12 x 50cl Tetra Brik<\/p>\n\n\n\n<p><a rel=\"noreferrer noopener\" href=\"https:\/\/www.familydrink.ch\/wp-content\/uploads\/2019\/03\/Naehrwerttabelle-Durstloescher-Blueberry-und-Marshmallow.pdf\" target=\"_blank\">Tableau des valeurs nutritives<\/a><\/p>\n<\/div><\/div>\n\n\n\n<div style=\"height:100px\" aria-hidden=\"true\" class=\"wp-block-spacer\"><\/div>\n\n\n\n<p><\/p>\n","protected":false},"excerpt":{"rendered":"<p>Boissons rafra\u00eechissantes Notre s\u00e9lection vari\u00e9e de boissons saines et d\u00e9salt\u00e9rantes r\u00e9serv\u00e9es&nbsp; \u00e9tanche toutes les soifs.Disponibles dans un emballage Tetra Brick tr\u00e8s tendance, elles sont \u00e9quip\u00e9es d&rsquo;une paille. Durstl\u00f6scher Grenade \/ Citron Exotique, rafra\u00eechissant et bon Marque : Durstl\u00f6scherD\u00e9signation : Grenade \/ Citronau moins 3% de jus \u00e0 base de concentr\u00e9 Distinction&#8211; Au moins 3% de [&hellip;]<\/p>\n","protected":false},"author":1,"featured_media":0,"parent":16,"menu_order":0,"comment_status":"closed","ping_status":"closed","template":"","meta":{"_themeisle_gutenberg_block_has_review":false,"footnotes":"","_links_to":"","_links_to_target":""},"class_list":["post-4194","page","type-page","status-publish","hentry"],"_links":{"self":[{"href":"https:\/\/www.familydrink.ch\/fr\/wp-json\/wp\/v2\/pages\/4194"}],"collection":[{"href":"https:\/\/www.familydrink.ch\/fr\/wp-json\/wp\/v2\/pages"}],"about":[{"href":"https:\/\/www.familydrink.ch\/fr\/wp-json\/wp\/v2\/types\/page"}],"author":[{"embeddable":true,"href":"https:\/\/www.familydrink.ch\/fr\/wp-json\/wp\/v2\/users\/1"}],"replies":[{"embeddable":true,"href":"https:\/\/www.familydrink.ch\/fr\/wp-json\/wp\/v2\/comments?post=4194"}],"version-history":[{"count":46,"href":"https:\/\/www.familydrink.ch\/fr\/wp-json\/wp\/v2\/pages\/4194\/revisions"}],"predecessor-version":[{"id":6581,"href":"https:\/\/www.familydrink.ch\/fr\/wp-json\/wp\/v2\/pages\/4194\/revisions\/6581"}],"up":[{"embeddable":true,"href":"https:\/\/www.familydrink.ch\/fr\/wp-json\/wp\/v2\/pages\/16"}],"wp:attachment":[{"href":"https:\/\/www.familydrink.ch\/fr\/wp-json\/wp\/v2\/media?parent=4194"}],"curies":[{"name":"wp","href":"https:\/\/api.w.org\/{rel}","templated":true}]}}